{"id":40,"date":"2022-01-09T19:41:19","date_gmt":"2022-01-09T19:41:19","guid":{"rendered":"https:\/\/avz2.avanzara.hosting24.pl\/?page_id=40"},"modified":"2022-01-09T19:54:01","modified_gmt":"2022-01-09T19:54:01","slug":"polityka-prywatnosci","status":"publish","type":"page","link":"https:\/\/avz2.avanzara.hosting24.pl\/?page_id=40","title":{"rendered":"Polityka prywatno\u015bci"},"content":{"rendered":"\n<p>Aby korzysta\u0107 z us\u0142ug oferowanych przez AVANZARA Agata Zep, nale\u017cy zaakceptowa\u0107 poni\u017csz\u0105 Polityk\u0119 Prywatno\u015bci, przesy\u0142aj\u0105c poczt\u0105 elektroniczn\u0105 informacj\u0119:<br>&#8222;Wyra\u017cam zgod\u0119 na przetwarzanie danych osobowych przez Avanzara Agata Zep, zgodnie z Polityk\u0105 Prywatno\u015bci firmy.&#8221;<br>Bardzo prosz\u0119 o podpisanie si\u0119&nbsp; w mailu pe\u0142nym imieniem i nazwiskiem.<\/p>\n\n\n\n<p><strong>Polityka Prywatno\u015bci<\/strong><br>Administratorem Danych Osobowych Klient\u00f3w jest AVANZARA Agata Zep.<br>Wszelkie Dane Osobowe Klienta s\u0105 przetwarzane wy\u0142\u0105cznie:<\/p>\n\n\n\n<ul class=\"wp-block-list\"><li>w celu realizacji us\u0142ugi,<\/li><li>na potrzeby rozliczenia zlecenia,<\/li><li>na potrzeby prowadzenia ksi\u0105g rachunkowych,<\/li><li>na potrzeby kontaktu z Klientem.<\/li><\/ul>\n\n\n\n<p>Dane Osobowe b\u0119d\u0105 przechowywane przez okres wynikaj\u0105cy z obowi\u0105zuj\u0105cych przepis\u00f3w podatkowych i rachunkowych.<br>Osoba, kt\u00f3rej dotycz\u0105 Dane Osobowe, ma prawo dost\u0119pu do ich tre\u015bci, sprostowania lub \u017c\u0105dania usuni\u0119cia.<\/p>\n","protected":false},"excerpt":{"rendered":"<p>Aby korzysta\u0107 z us\u0142ug oferowanych przez AVANZARA Agata Zep, nale\u017cy zaakceptowa\u0107 poni\u017csz\u0105 Polityk\u0119 Prywatno\u015bci, przesy\u0142aj\u0105c poczt\u0105 elektroniczn\u0105 informacj\u0119:&#8222;Wyra\u017cam zgod\u0119 na przetwarzanie danych osobowych przez Avanzara Agata Zep, zgodnie z Polityk\u0105 &#8230;<\/p>\n","protected":false},"author":1,"featured_media":0,"parent":6,"menu_order":5,"comment_status":"closed","ping_status":"closed","template":"","meta":{"footnotes":""},"class_list":["post-40","page","type-page","status-publish","hentry"],"yoast_head":"<!-- This site is optimized with the Yoast SEO plugin v27.4 - https:\/\/yoast.com\/product\/yoast-seo-wordpress\/ -->\n<title>Polityka prywatno\u015bci - Avanzara<\/title>\n<meta name=\"robots\" content=\"index, follow, max-snippet:-1, max-image-preview:large, max-video-preview:-1\" \/>\n<link rel=\"canonical\" href=\"https:\/\/avz2.avanzara.hosting24.pl\/?page_id=40\" \/>\n<meta property=\"og:locale\" content=\"pl_PL\" \/>\n<meta property=\"og:type\" content=\"article\" \/>\n<meta property=\"og:title\" content=\"Polityka prywatno\u015bci - Avanzara\" \/>\n<meta property=\"og:description\" content=\"Aby korzysta\u0107 z us\u0142ug oferowanych przez AVANZARA Agata Zep, nale\u017cy zaakceptowa\u0107 poni\u017csz\u0105 Polityk\u0119 Prywatno\u015bci, przesy\u0142aj\u0105c poczt\u0105 elektroniczn\u0105 informacj\u0119:&#8222;Wyra\u017cam zgod\u0119 na przetwarzanie danych osobowych przez Avanzara Agata Zep, zgodnie z Polityk\u0105 ...\" \/>\n<meta property=\"og:url\" content=\"https:\/\/avz2.avanzara.hosting24.pl\/?page_id=40\" \/>\n<meta property=\"og:site_name\" content=\"Avanzara\" \/>\n<meta property=\"article:publisher\" content=\"https:\/\/www.facebook.com\/Avanzara-1650735318307180\" \/>\n<meta property=\"article:modified_time\" content=\"2022-01-09T19:54:01+00:00\" \/>\n<meta name=\"twitter:card\" content=\"summary_large_image\" \/>\n<meta name=\"twitter:label1\" content=\"Szacowany czas czytania\" \/>\n\t<meta name=\"twitter:data1\" content=\"1 minuta\" \/>\n<script type=\"application\/ld+json\" class=\"yoast-schema-graph\">{\"@context\":\"https:\\\/\\\/schema.org\",\"@graph\":[{\"@type\":\"WebPage\",\"@id\":\"https:\\\/\\\/avz2.avanzara.hosting24.pl\\\/?page_id=40\",\"url\":\"https:\\\/\\\/avz2.avanzara.hosting24.pl\\\/?page_id=40\",\"name\":\"Polityka prywatno\u015bci - Avanzara\",\"isPartOf\":{\"@id\":\"https:\\\/\\\/avz2.avanzara.hosting24.pl\\\/#website\"},\"datePublished\":\"2022-01-09T19:41:19+00:00\",\"dateModified\":\"2022-01-09T19:54:01+00:00\",\"breadcrumb\":{\"@id\":\"https:\\\/\\\/avz2.avanzara.hosting24.pl\\\/?page_id=40#breadcrumb\"},\"inLanguage\":\"pl-PL\",\"potentialAction\":[{\"@type\":\"ReadAction\",\"target\":[\"https:\\\/\\\/avz2.avanzara.hosting24.pl\\\/?page_id=40\"]}]},{\"@type\":\"BreadcrumbList\",\"@id\":\"https:\\\/\\\/avz2.avanzara.hosting24.pl\\\/?page_id=40#breadcrumb\",\"itemListElement\":[{\"@type\":\"ListItem\",\"position\":1,\"name\":\"Strona g\u0142\u00f3wna\",\"item\":\"https:\\\/\\\/avz2.avanzara.hosting24.pl\\\/\"},{\"@type\":\"ListItem\",\"position\":2,\"name\":\"Strona G\u0142\u00f3wna\",\"item\":\"https:\\\/\\\/avz2.avanzara.hosting24.pl\\\/\"},{\"@type\":\"ListItem\",\"position\":3,\"name\":\"Polityka prywatno\u015bci\"}]},{\"@type\":\"WebSite\",\"@id\":\"https:\\\/\\\/avz2.avanzara.hosting24.pl\\\/#website\",\"url\":\"https:\\\/\\\/avz2.avanzara.hosting24.pl\\\/\",\"name\":\"Avanzara\",\"description\":\"T\u0142umaczenia z pasj\u0105\",\"publisher\":{\"@id\":\"https:\\\/\\\/avz2.avanzara.hosting24.pl\\\/#organization\"},\"potentialAction\":[{\"@type\":\"SearchAction\",\"target\":{\"@type\":\"EntryPoint\",\"urlTemplate\":\"https:\\\/\\\/avz2.avanzara.hosting24.pl\\\/?s={search_term_string}\"},\"query-input\":{\"@type\":\"PropertyValueSpecification\",\"valueRequired\":true,\"valueName\":\"search_term_string\"}}],\"inLanguage\":\"pl-PL\"},{\"@type\":\"Organization\",\"@id\":\"https:\\\/\\\/avz2.avanzara.hosting24.pl\\\/#organization\",\"name\":\"Avanzara\",\"url\":\"https:\\\/\\\/avz2.avanzara.hosting24.pl\\\/\",\"logo\":{\"@type\":\"ImageObject\",\"inLanguage\":\"pl-PL\",\"@id\":\"https:\\\/\\\/avz2.avanzara.hosting24.pl\\\/#\\\/schema\\\/logo\\\/image\\\/\",\"url\":\"https:\\\/\\\/avz2.avanzara.hosting24.pl\\\/wp-content\\\/uploads\\\/2022\\\/01\\\/cropped-avanzara_przezroczyste-tlo-e1641756970388.png\",\"contentUrl\":\"https:\\\/\\\/avz2.avanzara.hosting24.pl\\\/wp-content\\\/uploads\\\/2022\\\/01\\\/cropped-avanzara_przezroczyste-tlo-e1641756970388.png\",\"width\":512,\"height\":512,\"caption\":\"Avanzara\"},\"image\":{\"@id\":\"https:\\\/\\\/avz2.avanzara.hosting24.pl\\\/#\\\/schema\\\/logo\\\/image\\\/\"},\"sameAs\":[\"https:\\\/\\\/www.facebook.com\\\/Avanzara-1650735318307180\"]}]}<\/script>\n<!-- \/ Yoast SEO plugin. -->","yoast_head_json":{"title":"Polityka prywatno\u015bci - Avanzara","robots":{"index":"index","follow":"follow","max-snippet":"max-snippet:-1","max-image-preview":"max-image-preview:large","max-video-preview":"max-video-preview:-1"},"canonical":"https:\/\/avz2.avanzara.hosting24.pl\/?page_id=40","og_locale":"pl_PL","og_type":"article","og_title":"Polityka prywatno\u015bci - Avanzara","og_description":"Aby korzysta\u0107 z us\u0142ug oferowanych przez AVANZARA Agata Zep, nale\u017cy zaakceptowa\u0107 poni\u017csz\u0105 Polityk\u0119 Prywatno\u015bci, przesy\u0142aj\u0105c poczt\u0105 elektroniczn\u0105 informacj\u0119:&#8222;Wyra\u017cam zgod\u0119 na przetwarzanie danych osobowych przez Avanzara Agata Zep, zgodnie z Polityk\u0105 ...","og_url":"https:\/\/avz2.avanzara.hosting24.pl\/?page_id=40","og_site_name":"Avanzara","article_publisher":"https:\/\/www.facebook.com\/Avanzara-1650735318307180","article_modified_time":"2022-01-09T19:54:01+00:00","twitter_card":"summary_large_image","twitter_misc":{"Szacowany czas czytania":"1 minuta"},"schema":{"@context":"https:\/\/schema.org","@graph":[{"@type":"WebPage","@id":"https:\/\/avz2.avanzara.hosting24.pl\/?page_id=40","url":"https:\/\/avz2.avanzara.hosting24.pl\/?page_id=40","name":"Polityka prywatno\u015bci - Avanzara","isPartOf":{"@id":"https:\/\/avz2.avanzara.hosting24.pl\/#website"},"datePublished":"2022-01-09T19:41:19+00:00","dateModified":"2022-01-09T19:54:01+00:00","breadcrumb":{"@id":"https:\/\/avz2.avanzara.hosting24.pl\/?page_id=40#breadcrumb"},"inLanguage":"pl-PL","potentialAction":[{"@type":"ReadAction","target":["https:\/\/avz2.avanzara.hosting24.pl\/?page_id=40"]}]},{"@type":"BreadcrumbList","@id":"https:\/\/avz2.avanzara.hosting24.pl\/?page_id=40#breadcrumb","itemListElement":[{"@type":"ListItem","position":1,"name":"Strona g\u0142\u00f3wna","item":"https:\/\/avz2.avanzara.hosting24.pl\/"},{"@type":"ListItem","position":2,"name":"Strona G\u0142\u00f3wna","item":"https:\/\/avz2.avanzara.hosting24.pl\/"},{"@type":"ListItem","position":3,"name":"Polityka prywatno\u015bci"}]},{"@type":"WebSite","@id":"https:\/\/avz2.avanzara.hosting24.pl\/#website","url":"https:\/\/avz2.avanzara.hosting24.pl\/","name":"Avanzara","description":"T\u0142umaczenia z pasj\u0105","publisher":{"@id":"https:\/\/avz2.avanzara.hosting24.pl\/#organization"},"potentialAction":[{"@type":"SearchAction","target":{"@type":"EntryPoint","urlTemplate":"https:\/\/avz2.avanzara.hosting24.pl\/?s={search_term_string}"},"query-input":{"@type":"PropertyValueSpecification","valueRequired":true,"valueName":"search_term_string"}}],"inLanguage":"pl-PL"},{"@type":"Organization","@id":"https:\/\/avz2.avanzara.hosting24.pl\/#organization","name":"Avanzara","url":"https:\/\/avz2.avanzara.hosting24.pl\/","logo":{"@type":"ImageObject","inLanguage":"pl-PL","@id":"https:\/\/avz2.avanzara.hosting24.pl\/#\/schema\/logo\/image\/","url":"https:\/\/avz2.avanzara.hosting24.pl\/wp-content\/uploads\/2022\/01\/cropped-avanzara_przezroczyste-tlo-e1641756970388.png","contentUrl":"https:\/\/avz2.avanzara.hosting24.pl\/wp-content\/uploads\/2022\/01\/cropped-avanzara_przezroczyste-tlo-e1641756970388.png","width":512,"height":512,"caption":"Avanzara"},"image":{"@id":"https:\/\/avz2.avanzara.hosting24.pl\/#\/schema\/logo\/image\/"},"sameAs":["https:\/\/www.facebook.com\/Avanzara-1650735318307180"]}]}},"_links":{"self":[{"href":"https:\/\/avz2.avanzara.hosting24.pl\/index.php?rest_route=\/wp\/v2\/pages\/40","targetHints":{"allow":["GET"]}}],"collection":[{"href":"https:\/\/avz2.avanzara.hosting24.pl\/index.php?rest_route=\/wp\/v2\/pages"}],"about":[{"href":"https:\/\/avz2.avanzara.hosting24.pl\/index.php?rest_route=\/wp\/v2\/types\/page"}],"author":[{"embeddable":true,"href":"https:\/\/avz2.avanzara.hosting24.pl\/index.php?rest_route=\/wp\/v2\/users\/1"}],"replies":[{"embeddable":true,"href":"https:\/\/avz2.avanzara.hosting24.pl\/index.php?rest_route=%2Fwp%2Fv2%2Fcomments&post=40"}],"version-history":[{"count":2,"href":"https:\/\/avz2.avanzara.hosting24.pl\/index.php?rest_route=\/wp\/v2\/pages\/40\/revisions"}],"predecessor-version":[{"id":47,"href":"https:\/\/avz2.avanzara.hosting24.pl\/index.php?rest_route=\/wp\/v2\/pages\/40\/revisions\/47"}],"up":[{"embeddable":true,"href":"https:\/\/avz2.avanzara.hosting24.pl\/index.php?rest_route=\/wp\/v2\/pages\/6"}],"wp:attachment":[{"href":"https:\/\/avz2.avanzara.hosting24.pl\/index.php?rest_route=%2Fwp%2Fv2%2Fmedia&parent=40"}],"curies":[{"name":"wp","href":"https:\/\/api.w.org\/{rel}","templated":true}]}}