{"id":6,"date":"2022-01-09T18:55:00","date_gmt":"2022-01-09T18:55:00","guid":{"rendered":"https:\/\/avz2.avanzara.hosting24.pl\/?page_id=6"},"modified":"2022-01-10T19:23:30","modified_gmt":"2022-01-10T19:23:30","slug":"strona-glowna","status":"publish","type":"page","link":"https:\/\/avz2.avanzara.hosting24.pl\/","title":{"rendered":"Strona G\u0142\u00f3wna"},"content":{"rendered":"\n<p><strong>Avanzara &#8211; Agata Zep<\/strong><\/p>\n\n\n\n<p>T\u0142umaczenia pisemne i lekcje indywidualne &#8211; j\u0119zyk hiszpa\u0144ski i angielski.<\/p>\n\n\n\n<div class=\"wp-block-columns is-layout-flex wp-container-core-columns-is-layout-9d6595d7 wp-block-columns-is-layout-flex\">\n<div class=\"wp-block-column is-layout-flow wp-block-column-is-layout-flow\" style=\"flex-basis:100%\">\n<p>Dowiedz si\u0119 wi\u0119cej o moich us\u0142ugach.<\/p>\n\n\n\n<hr class=\"wp-block-separator\"\/>\n\n\n\n<div class=\"wp-block-columns is-layout-flex wp-container-core-columns-is-layout-9d6595d7 wp-block-columns-is-layout-flex\">\n<div class=\"wp-block-column is-layout-flow wp-block-column-is-layout-flow\">\n<p>O mnie<\/p>\n<\/div>\n\n\n\n<div class=\"wp-block-column is-layout-flow wp-block-column-is-layout-flow\">\n<p>Poznajmy si\u0119.<\/p>\n<\/div>\n\n\n\n<div class=\"wp-block-column is-layout-flow wp-block-column-is-layout-flow\">\n<p>Napisz lub zadzwo\u0144.<\/p>\n<\/div>\n<\/div>\n<\/div>\n<\/div>\n\n\n\n<div class=\"wp-block-columns is-layout-flex wp-container-core-columns-is-layout-9d6595d7 wp-block-columns-is-layout-flex\">\n<div class=\"wp-block-column is-layout-flow wp-block-column-is-layout-flow\" style=\"flex-basis:33.33%\">\n<figure class=\"wp-block-image size-full\"><img loading=\"lazy\" decoding=\"async\" width=\"575\" height=\"383\" src=\"https:\/\/avz2.avanzara.hosting24.pl\/wp-content\/uploads\/2022\/01\/1.png\" alt=\"\" class=\"wp-image-7\" srcset=\"https:\/\/avz2.avanzara.hosting24.pl\/wp-content\/uploads\/2022\/01\/1.png 575w, https:\/\/avz2.avanzara.hosting24.pl\/wp-content\/uploads\/2022\/01\/1-300x200.png 300w\" sizes=\"auto, (max-width: 575px) 100vw, 575px\" \/><\/figure>\n<\/div>\n\n\n\n<div class=\"wp-block-column is-layout-flow wp-block-column-is-layout-flow\" style=\"flex-basis:66.66%\">\n<h2 class=\"wp-block-heading\"><strong>Co znaczy &#8222;avanzar&#8221;?<\/strong><\/h2>\n\n\n\n<p>Jest to hiszpa\u0144ski czasownik, kt\u00f3ry oznacza robienie post\u0119p\u00f3w. Nazwa mojej firmy pochodzi od formy &#8222;avanzar\u00e1&#8221;, czyli on\/ona zrobi post\u0119py. To dlatego, \u017ce chc\u0119 by to, co robi\u0119, pomog\u0142o Ci si\u0119 rozwija\u0107 &#8211; niezale\u017cnie od tego, czy potrzebujesz t\u0142umaczenia ofert Twojej firmy, czy te\u017c konwersacji by porozumiewa\u0107 si\u0119 podczas wakacji za granic\u0105.<\/p>\n<\/div>\n<\/div>\n","protected":false},"excerpt":{"rendered":"<p>Avanzara &#8211; Agata Zep T\u0142umaczenia pisemne i lekcje indywidualne &#8211; j\u0119zyk hiszpa\u0144ski i angielski. Dowiedz si\u0119 wi\u0119cej o moich us\u0142ugach. O mnie Poznajmy si\u0119. Napisz lub zadzwo\u0144. Co znaczy &#8222;avanzar&#8221;? &#8230;<\/p>\n","protected":false},"author":1,"featured_media":0,"parent":0,"menu_order":0,"comment_status":"closed","ping_status":"closed","template":"template-frontpage.php","meta":{"footnotes":""},"class_list":["post-6","page","type-page","status-publish","hentry"],"yoast_head":"<!-- This site is optimized with the Yoast SEO plugin v27.4 - https:\/\/yoast.com\/product\/yoast-seo-wordpress\/ -->\n<title>Strona G\u0142\u00f3wna - Avanzara<\/title>\n<meta name=\"robots\" content=\"index, follow, max-snippet:-1, max-image-preview:large, max-video-preview:-1\" \/>\n<link rel=\"canonical\" href=\"https:\/\/avz2.avanzara.hosting24.pl\/\" \/>\n<meta property=\"og:locale\" content=\"pl_PL\" \/>\n<meta property=\"og:type\" content=\"article\" \/>\n<meta property=\"og:title\" content=\"Strona G\u0142\u00f3wna - Avanzara\" \/>\n<meta property=\"og:description\" content=\"Avanzara &#8211; Agata Zep T\u0142umaczenia pisemne i lekcje indywidualne &#8211; j\u0119zyk hiszpa\u0144ski i angielski. Dowiedz si\u0119 wi\u0119cej o moich us\u0142ugach. O mnie Poznajmy si\u0119. Napisz lub zadzwo\u0144. Co znaczy &#8222;avanzar&#8221;? ...\" \/>\n<meta property=\"og:url\" content=\"https:\/\/avz2.avanzara.hosting24.pl\/\" \/>\n<meta property=\"og:site_name\" content=\"Avanzara\" \/>\n<meta property=\"article:publisher\" content=\"https:\/\/www.facebook.com\/Avanzara-1650735318307180\" \/>\n<meta property=\"article:modified_time\" content=\"2022-01-10T19:23:30+00:00\" \/>\n<meta property=\"og:image\" content=\"https:\/\/avz2.avanzara.hosting24.pl\/wp-content\/uploads\/2022\/01\/1.png\" \/>\n<meta name=\"twitter:card\" content=\"summary_large_image\" \/>\n<meta name=\"twitter:label1\" content=\"Szacowany czas czytania\" \/>\n\t<meta name=\"twitter:data1\" content=\"1 minuta\" \/>\n<script type=\"application\/ld+json\" class=\"yoast-schema-graph\">{\"@context\":\"https:\\\/\\\/schema.org\",\"@graph\":[{\"@type\":\"WebPage\",\"@id\":\"https:\\\/\\\/avz2.avanzara.hosting24.pl\\\/\",\"url\":\"https:\\\/\\\/avz2.avanzara.hosting24.pl\\\/\",\"name\":\"Strona G\u0142\u00f3wna - Avanzara\",\"isPartOf\":{\"@id\":\"https:\\\/\\\/avz2.avanzara.hosting24.pl\\\/#website\"},\"primaryImageOfPage\":{\"@id\":\"https:\\\/\\\/avz2.avanzara.hosting24.pl\\\/#primaryimage\"},\"image\":{\"@id\":\"https:\\\/\\\/avz2.avanzara.hosting24.pl\\\/#primaryimage\"},\"thumbnailUrl\":\"https:\\\/\\\/avz2.avanzara.hosting24.pl\\\/wp-content\\\/uploads\\\/2022\\\/01\\\/1.png\",\"datePublished\":\"2022-01-09T18:55:00+00:00\",\"dateModified\":\"2022-01-10T19:23:30+00:00\",\"breadcrumb\":{\"@id\":\"https:\\\/\\\/avz2.avanzara.hosting24.pl\\\/#breadcrumb\"},\"inLanguage\":\"pl-PL\",\"potentialAction\":[{\"@type\":\"ReadAction\",\"target\":[\"https:\\\/\\\/avz2.avanzara.hosting24.pl\\\/\"]}]},{\"@type\":\"ImageObject\",\"inLanguage\":\"pl-PL\",\"@id\":\"https:\\\/\\\/avz2.avanzara.hosting24.pl\\\/#primaryimage\",\"url\":\"https:\\\/\\\/avz2.avanzara.hosting24.pl\\\/wp-content\\\/uploads\\\/2022\\\/01\\\/1.png\",\"contentUrl\":\"https:\\\/\\\/avz2.avanzara.hosting24.pl\\\/wp-content\\\/uploads\\\/2022\\\/01\\\/1.png\",\"width\":575,\"height\":383},{\"@type\":\"BreadcrumbList\",\"@id\":\"https:\\\/\\\/avz2.avanzara.hosting24.pl\\\/#breadcrumb\",\"itemListElement\":[{\"@type\":\"ListItem\",\"position\":1,\"name\":\"Strona g\u0142\u00f3wna\",\"item\":\"https:\\\/\\\/avz2.avanzara.hosting24.pl\\\/\"},{\"@type\":\"ListItem\",\"position\":2,\"name\":\"Strona G\u0142\u00f3wna\"}]},{\"@type\":\"WebSite\",\"@id\":\"https:\\\/\\\/avz2.avanzara.hosting24.pl\\\/#website\",\"url\":\"https:\\\/\\\/avz2.avanzara.hosting24.pl\\\/\",\"name\":\"Avanzara\",\"description\":\"T\u0142umaczenia z pasj\u0105\",\"publisher\":{\"@id\":\"https:\\\/\\\/avz2.avanzara.hosting24.pl\\\/#organization\"},\"potentialAction\":[{\"@type\":\"SearchAction\",\"target\":{\"@type\":\"EntryPoint\",\"urlTemplate\":\"https:\\\/\\\/avz2.avanzara.hosting24.pl\\\/?s={search_term_string}\"},\"query-input\":{\"@type\":\"PropertyValueSpecification\",\"valueRequired\":true,\"valueName\":\"search_term_string\"}}],\"inLanguage\":\"pl-PL\"},{\"@type\":\"Organization\",\"@id\":\"https:\\\/\\\/avz2.avanzara.hosting24.pl\\\/#organization\",\"name\":\"Avanzara\",\"url\":\"https:\\\/\\\/avz2.avanzara.hosting24.pl\\\/\",\"logo\":{\"@type\":\"ImageObject\",\"inLanguage\":\"pl-PL\",\"@id\":\"https:\\\/\\\/avz2.avanzara.hosting24.pl\\\/#\\\/schema\\\/logo\\\/image\\\/\",\"url\":\"https:\\\/\\\/avz2.avanzara.hosting24.pl\\\/wp-content\\\/uploads\\\/2022\\\/01\\\/cropped-avanzara_przezroczyste-tlo-e1641756970388.png\",\"contentUrl\":\"https:\\\/\\\/avz2.avanzara.hosting24.pl\\\/wp-content\\\/uploads\\\/2022\\\/01\\\/cropped-avanzara_przezroczyste-tlo-e1641756970388.png\",\"width\":512,\"height\":512,\"caption\":\"Avanzara\"},\"image\":{\"@id\":\"https:\\\/\\\/avz2.avanzara.hosting24.pl\\\/#\\\/schema\\\/logo\\\/image\\\/\"},\"sameAs\":[\"https:\\\/\\\/www.facebook.com\\\/Avanzara-1650735318307180\"]}]}<\/script>\n<!-- \/ Yoast SEO plugin. -->","yoast_head_json":{"title":"Strona G\u0142\u00f3wna - Avanzara","robots":{"index":"index","follow":"follow","max-snippet":"max-snippet:-1","max-image-preview":"max-image-preview:large","max-video-preview":"max-video-preview:-1"},"canonical":"https:\/\/avz2.avanzara.hosting24.pl\/","og_locale":"pl_PL","og_type":"article","og_title":"Strona G\u0142\u00f3wna - Avanzara","og_description":"Avanzara &#8211; Agata Zep T\u0142umaczenia pisemne i lekcje indywidualne &#8211; j\u0119zyk hiszpa\u0144ski i angielski. Dowiedz si\u0119 wi\u0119cej o moich us\u0142ugach. O mnie Poznajmy si\u0119. Napisz lub zadzwo\u0144. Co znaczy &#8222;avanzar&#8221;? ...","og_url":"https:\/\/avz2.avanzara.hosting24.pl\/","og_site_name":"Avanzara","article_publisher":"https:\/\/www.facebook.com\/Avanzara-1650735318307180","article_modified_time":"2022-01-10T19:23:30+00:00","og_image":[{"url":"https:\/\/avz2.avanzara.hosting24.pl\/wp-content\/uploads\/2022\/01\/1.png","type":"","width":"","height":""}],"twitter_card":"summary_large_image","twitter_misc":{"Szacowany czas czytania":"1 minuta"},"schema":{"@context":"https:\/\/schema.org","@graph":[{"@type":"WebPage","@id":"https:\/\/avz2.avanzara.hosting24.pl\/","url":"https:\/\/avz2.avanzara.hosting24.pl\/","name":"Strona G\u0142\u00f3wna - Avanzara","isPartOf":{"@id":"https:\/\/avz2.avanzara.hosting24.pl\/#website"},"primaryImageOfPage":{"@id":"https:\/\/avz2.avanzara.hosting24.pl\/#primaryimage"},"image":{"@id":"https:\/\/avz2.avanzara.hosting24.pl\/#primaryimage"},"thumbnailUrl":"https:\/\/avz2.avanzara.hosting24.pl\/wp-content\/uploads\/2022\/01\/1.png","datePublished":"2022-01-09T18:55:00+00:00","dateModified":"2022-01-10T19:23:30+00:00","breadcrumb":{"@id":"https:\/\/avz2.avanzara.hosting24.pl\/#breadcrumb"},"inLanguage":"pl-PL","potentialAction":[{"@type":"ReadAction","target":["https:\/\/avz2.avanzara.hosting24.pl\/"]}]},{"@type":"ImageObject","inLanguage":"pl-PL","@id":"https:\/\/avz2.avanzara.hosting24.pl\/#primaryimage","url":"https:\/\/avz2.avanzara.hosting24.pl\/wp-content\/uploads\/2022\/01\/1.png","contentUrl":"https:\/\/avz2.avanzara.hosting24.pl\/wp-content\/uploads\/2022\/01\/1.png","width":575,"height":383},{"@type":"BreadcrumbList","@id":"https:\/\/avz2.avanzara.hosting24.pl\/#breadcrumb","itemListElement":[{"@type":"ListItem","position":1,"name":"Strona g\u0142\u00f3wna","item":"https:\/\/avz2.avanzara.hosting24.pl\/"},{"@type":"ListItem","position":2,"name":"Strona G\u0142\u00f3wna"}]},{"@type":"WebSite","@id":"https:\/\/avz2.avanzara.hosting24.pl\/#website","url":"https:\/\/avz2.avanzara.hosting24.pl\/","name":"Avanzara","description":"T\u0142umaczenia z pasj\u0105","publisher":{"@id":"https:\/\/avz2.avanzara.hosting24.pl\/#organization"},"potentialAction":[{"@type":"SearchAction","target":{"@type":"EntryPoint","urlTemplate":"https:\/\/avz2.avanzara.hosting24.pl\/?s={search_term_string}"},"query-input":{"@type":"PropertyValueSpecification","valueRequired":true,"valueName":"search_term_string"}}],"inLanguage":"pl-PL"},{"@type":"Organization","@id":"https:\/\/avz2.avanzara.hosting24.pl\/#organization","name":"Avanzara","url":"https:\/\/avz2.avanzara.hosting24.pl\/","logo":{"@type":"ImageObject","inLanguage":"pl-PL","@id":"https:\/\/avz2.avanzara.hosting24.pl\/#\/schema\/logo\/image\/","url":"https:\/\/avz2.avanzara.hosting24.pl\/wp-content\/uploads\/2022\/01\/cropped-avanzara_przezroczyste-tlo-e1641756970388.png","contentUrl":"https:\/\/avz2.avanzara.hosting24.pl\/wp-content\/uploads\/2022\/01\/cropped-avanzara_przezroczyste-tlo-e1641756970388.png","width":512,"height":512,"caption":"Avanzara"},"image":{"@id":"https:\/\/avz2.avanzara.hosting24.pl\/#\/schema\/logo\/image\/"},"sameAs":["https:\/\/www.facebook.com\/Avanzara-1650735318307180"]}]}},"_links":{"self":[{"href":"https:\/\/avz2.avanzara.hosting24.pl\/index.php?rest_route=\/wp\/v2\/pages\/6","targetHints":{"allow":["GET"]}}],"collection":[{"href":"https:\/\/avz2.avanzara.hosting24.pl\/index.php?rest_route=\/wp\/v2\/pages"}],"about":[{"href":"https:\/\/avz2.avanzara.hosting24.pl\/index.php?rest_route=\/wp\/v2\/types\/page"}],"author":[{"embeddable":true,"href":"https:\/\/avz2.avanzara.hosting24.pl\/index.php?rest_route=\/wp\/v2\/users\/1"}],"replies":[{"embeddable":true,"href":"https:\/\/avz2.avanzara.hosting24.pl\/index.php?rest_route=%2Fwp%2Fv2%2Fcomments&post=6"}],"version-history":[{"count":1,"href":"https:\/\/avz2.avanzara.hosting24.pl\/index.php?rest_route=\/wp\/v2\/pages\/6\/revisions"}],"predecessor-version":[{"id":8,"href":"https:\/\/avz2.avanzara.hosting24.pl\/index.php?rest_route=\/wp\/v2\/pages\/6\/revisions\/8"}],"wp:attachment":[{"href":"https:\/\/avz2.avanzara.hosting24.pl\/index.php?rest_route=%2Fwp%2Fv2%2Fmedia&parent=6"}],"curies":[{"name":"wp","href":"https:\/\/api.w.org\/{rel}","templated":true}]}}